{"id":15,"date":"2022-02-01T15:34:21","date_gmt":"2022-02-01T14:34:21","guid":{"rendered":"http:\/\/aktivmusicpointbochum.de\/?page_id=15"},"modified":"2023-02-05T09:43:52","modified_gmt":"2023-02-05T08:43:52","slug":"aktiv-musicpoint-bochum","status":"publish","type":"page","link":"https:\/\/aktivmusicpointbochum.de\/","title":{"rendered":"Aktiv Music Point"},"content":{"rendered":"\n<p class=\"has-drop-cap has-medium-font-size\">Den Aktiv Music Point findet man mitten in Bochum. Seit 2001 bringen Christoph Reinmuth und sein Team gute Musik ins Ruhrgebiet. \u201eMusik erleben und die Vielfalt entdecken\u201c ist das Motto des Ladens, die auf zwei Etagen verteilte Verkaufsfl\u00e4che bietet daf\u00fcr reichlich Platz. Im Eingangsbereich findet der CD-Fan, was sein Herz begehrt: Klassik, Rock, Pop, Jazz, Schlager und eine  \u201eDrei ???\u201c-Abteilung laden zum St\u00f6bern ein. Im Untergeschoss wartet eine gro\u00dfe Vinylabteilung auf die Freunde des schwarzen Goldes. Hier findet man ein breites Sortiment aus allen Stilrichtungen. Au\u00dferdem unterst\u00fctzt der Aktiv Musicpoint auch regionale K\u00fcnstler und bringt sie den Kunden n\u00e4her.<\/p>\n\n\n\n<figure data-carousel-extra='{\"blog_id\":1,\"permalink\":\"https:\\\/\\\/aktivmusicpointbochum.de\\\/\"}'   class=\"wp-block-gallery has-nested-images columns-default is-cropped\">\n<figure class=\"wp-block-image size-large\"><img data-attachment-id=\"170\" data-permalink=\"https:\/\/aktivmusicpointbochum.de\/index.php\/aktiv-musicpoint-bochum\/neon-2\/\" data-orig-file=\"https:\/\/aktivmusicpointbochum.de\/wp-content\/uploads\/2023\/01\/neon.jpg\" data-orig-size=\"1080,810\" data-comments-opened=\"1\" data-image-meta=\"{&quot;aperture&quot;:&quot;0&quot;,&quot;credit&quot;:&quot;&quot;,&quot;camera&quot;:&quot;&quot;,&quot;caption&quot;:&quot;&quot;,&quot;created_timestamp&quot;:&quot;0&quot;,&quot;copyright&quot;:&quot;&quot;,&quot;focal_length&quot;:&quot;0&quot;,&quot;iso&quot;:&quot;0&quot;,&quot;shutter_speed&quot;:&quot;0&quot;,&quot;title&quot;:&quot;&quot;,&quot;orientation&quot;:&quot;0&quot;}\" data-image-title=\"neon\" data-image-description=\"\" data-image-caption=\"\" data-medium-file=\"https:\/\/aktivmusicpointbochum.de\/wp-content\/uploads\/2023\/01\/neon-300x225.jpg\" data-large-file=\"https:\/\/aktivmusicpointbochum.de\/wp-content\/uploads\/2023\/01\/neon-1024x768.jpg\" loading=\"lazy\" width=\"1024\" height=\"768\" data-id=\"170\"  src=\"https:\/\/aktivmusicpointbochum.de\/wp-content\/uploads\/2023\/01\/neon-1024x768.jpg\" alt=\"\" class=\"wp-image-170\" srcset=\"https:\/\/aktivmusicpointbochum.de\/wp-content\/uploads\/2023\/01\/neon-1024x768.jpg 1024w, https:\/\/aktivmusicpointbochum.de\/wp-content\/uploads\/2023\/01\/neon-300x225.jpg 300w, https:\/\/aktivmusicpointbochum.de\/wp-content\/uploads\/2023\/01\/neon-768x576.jpg 768w, https:\/\/aktivmusicpointbochum.de\/wp-content\/uploads\/2023\/01\/neon-600x450.jpg 600w, https:\/\/aktivmusicpointbochum.de\/wp-content\/uploads\/2023\/01\/neon.jpg 1080w\" sizes=\"(max-width: 1024px) 100vw, 1024px\" \/><\/figure>\n<\/figure>\n\n\n\n<div data-carousel-extra='{\"blog_id\":1,\"permalink\":\"https:\\\/\\\/aktivmusicpointbochum.de\\\/\"}' class=\"wp-block-cover alignfull is-light\"><span aria-hidden=\"true\" class=\"wp-block-cover__gradient-background has-background-dim\"><\/span><img data-attachment-id=\"168\" data-permalink=\"https:\/\/aktivmusicpointbochum.de\/rsd2023\/\" data-orig-file=\"https:\/\/aktivmusicpointbochum.de\/wp-content\/uploads\/2023\/01\/RSD2023.png\" data-orig-size=\"600,503\" data-comments-opened=\"1\" data-image-meta=\"{&quot;aperture&quot;:&quot;0&quot;,&quot;credit&quot;:&quot;&quot;,&quot;camera&quot;:&quot;&quot;,&quot;caption&quot;:&quot;&quot;,&quot;created_timestamp&quot;:&quot;0&quot;,&quot;copyright&quot;:&quot;&quot;,&quot;focal_length&quot;:&quot;0&quot;,&quot;iso&quot;:&quot;0&quot;,&quot;shutter_speed&quot;:&quot;0&quot;,&quot;title&quot;:&quot;&quot;,&quot;orientation&quot;:&quot;0&quot;}\" data-image-title=\"RSD2023\" data-image-description=\"\" data-image-caption=\"\" data-medium-file=\"https:\/\/aktivmusicpointbochum.de\/wp-content\/uploads\/2023\/01\/RSD2023-300x252.png\" data-large-file=\"https:\/\/aktivmusicpointbochum.de\/wp-content\/uploads\/2023\/01\/RSD2023.png\" loading=\"lazy\" width=\"600\" height=\"503\" class=\"wp-block-cover__image-background wp-image-168\" alt=\"\" src=\"http:\/\/aktivmusicpointbochum.de\/wp-content\/uploads\/2023\/01\/RSD2023.png\" data-object-fit=\"cover\" srcset=\"https:\/\/aktivmusicpointbochum.de\/wp-content\/uploads\/2023\/01\/RSD2023.png 600w, https:\/\/aktivmusicpointbochum.de\/wp-content\/uploads\/2023\/01\/RSD2023-300x252.png 300w\" sizes=\"(max-width: 600px) 100vw, 600px\" \/><div data-carousel-extra='{\"blog_id\":1,\"permalink\":\"https:\\\/\\\/aktivmusicpointbochum.de\\\/\"}' class=\"wp-block-cover__inner-container\">\n<p class=\"has-text-align-center has-large-font-size\"><\/p>\n<\/div><\/div>\n\n\n\n<figure class=\"wp-block-video\"><\/figure>\n\n\n\n<figure class=\"wp-block-embed is-provider-facebook wp-block-embed-facebook\"><div data-carousel-extra='{\"blog_id\":1,\"permalink\":\"https:\\\/\\\/aktivmusicpointbochum.de\\\/\"}' class=\"wp-block-embed__wrapper\">\nhttps:\/\/www.facebook.com\/MusicpointPlattenladenBochum\n<\/div><\/figure>\n","protected":false},"excerpt":{"rendered":"<p>Den Aktiv Music Point findet man mitten in Bochum. Seit 2001 bringen Christoph Reinmuth und sein Team gute Musik ins Ruhrgebiet. \u201eMusik erleben und die Vielfalt entdecken\u201c ist das Motto des Ladens, die auf zwei Etagen verteilte Verkaufsfl\u00e4che bietet daf\u00fcr reichlich Platz. Im Eingangsbereich findet der CD-Fan, was sein Herz begehrt: Klassik, Rock, Pop, Jazz, &hellip;<\/p>\n<p class=\"read-more\"> <a class=\"\" href=\"https:\/\/aktivmusicpointbochum.de\/\"> <span class=\"screen-reader-text\">Aktiv Music Point<\/span> Weiterlesen &raquo;<\/a><\/p>\n","protected":false},"author":2,"featured_media":57,"parent":0,"menu_order":0,"comment_status":"closed","ping_status":"closed","template":"","meta":{"site-sidebar-layout":"default","site-content-layout":"default","ast-global-header-display":"","ast-main-header-display":"","ast-hfb-above-header-display":"","ast-hfb-below-header-display":"","ast-hfb-mobile-header-display":"","site-post-title":"","ast-breadcrumbs-content":"","ast-featured-img":"","footer-sml-layout":"","theme-transparent-header-meta":"","adv-header-id-meta":"","stick-header-meta":"","header-above-stick-meta":"","header-main-stick-meta":"","header-below-stick-meta":""},"_links":{"self":[{"href":"https:\/\/aktivmusicpointbochum.de\/index.php\/wp-json\/wp\/v2\/pages\/15"}],"collection":[{"href":"https:\/\/aktivmusicpointbochum.de\/index.php\/wp-json\/wp\/v2\/pages"}],"about":[{"href":"https:\/\/aktivmusicpointbochum.de\/index.php\/wp-json\/wp\/v2\/types\/page"}],"author":[{"embeddable":true,"href":"https:\/\/aktivmusicpointbochum.de\/index.php\/wp-json\/wp\/v2\/users\/2"}],"replies":[{"embeddable":true,"href":"https:\/\/aktivmusicpointbochum.de\/index.php\/wp-json\/wp\/v2\/comments?post=15"}],"version-history":[{"count":15,"href":"https:\/\/aktivmusicpointbochum.de\/index.php\/wp-json\/wp\/v2\/pages\/15\/revisions"}],"predecessor-version":[{"id":181,"href":"https:\/\/aktivmusicpointbochum.de\/index.php\/wp-json\/wp\/v2\/pages\/15\/revisions\/181"}],"wp:featuredmedia":[{"embeddable":true,"href":"https:\/\/aktivmusicpointbochum.de\/index.php\/wp-json\/wp\/v2\/media\/57"}],"wp:attachment":[{"href":"https:\/\/aktivmusicpointbochum.de\/index.php\/wp-json\/wp\/v2\/media?parent=15"}],"curies":[{"name":"wp","href":"https:\/\/api.w.org\/{rel}","templated":true}]}}